{"id":2217,"date":"2020-08-25T12:08:58","date_gmt":"2020-08-25T10:08:58","guid":{"rendered":"https:\/\/carontestudio.com\/blog\/?page_id=2217"},"modified":"2025-06-13T10:54:22","modified_gmt":"2025-06-13T08:54:22","slug":"descargas","status":"publish","type":"page","link":"https:\/\/carontestudio.com\/blog\/descargas\/","title":{"rendered":"Descargas"},"content":{"rendered":"\n<h2 class=\"wp-block-heading\">Descargas SEO<\/h2>\n\n\n\n<p>Por favor, para acceder a las descargas, <strong>introduce la siguiente informaci\u00f3n<\/strong>:<\/p>\n\n\n\n<script>\n\tfunction getFormData(){ \n\t\tlet accept = document.getElementById('accept');\n\t\tif(accept.checked){\n\t\t\tlet email=document.getElementById('InputEmail1').value;\n\t\t\tlet name=document.getElementById('inputName').value;\n\t\t\tlet cp=document.getElementById('inputCP').value;\n\t\t\t\n\t\t\tif( (email==\"\") || (name==\"\") || (cp==\"\") ){\n\t\t\t\tjQuery(\"#descargasModalError\").modal('toggle');\n\t\t\t}\n\t\t\telse{\n\t\t\t\tvar parametros = {\n\t\t\t\t\t\"email\" : email,\n\t\t\t\t\t\"name\" : name,\n\t\t\t\t\t\"cp\" : cp,\n\t\t\t\t};\n\t\t\t\t\n\t\t\t\tjQuery.ajax({\n\t\t\t\t\ttype: \"GET\",\n\t\t\t\t\turl: '\/sendMailDescargas.php', \n\t\t\t\t\tdata: parametros,\n\t\t\t\t\tsuccess: function(response) {\n\t\t\t\t\t\tif(response.includes(\"true\")){\n\t\t\t\t\t\t\tlet info = response.split(\";\");\n\t\t\t\t\t\t\tdocument.getElementById(\"d1\").href = info[0];\n\t\t\t\t\t\t\tdocument.getElementById('d1').classList.remove(\"disabled\");\n\t\t\t\t\t\t\tdocument.getElementById(\"d2\").href = info[1];\n\t\t\t\t\t\t\tdocument.getElementById('d2').classList.remove(\"disabled\");\n\t\t\t\t\t\t\tdocument.getElementById(\"d3\").href = info[2];\n\t\t\t\t\t\t\tdocument.getElementById('d3').classList.remove(\"disabled\");\n                                                        document.getElementById(\"d4\").href = info[3];\n\t\t\t\t\t\t\tdocument.getElementById('d4').classList.remove(\"disabled\");\n                                                        document.getElementById(\"d5\").href = info[4];\n\t\t\t\t\t\t\tdocument.getElementById('d5').classList.remove(\"disabled\");\n                                                        document.getElementById(\"d6\").href = info[5];\n\t\t\t\t\t\t\tdocument.getElementById('d6').classList.remove(\"disabled\");\n\t\t\t\t\t\t\tjQuery(\"#descargasModal\").modal('toggle');\n\t\t\t\t\t\t}\n\t\t\t\t\t}\n\t\t\t\t});\n\t\t\t}\n\t\t}\n\t\telse{\n\t\t\tjQuery(\"#descargasModalError\").modal('toggle');\n\t\t}\n\t}\n\t\n\tfunction verifyForm(){\n\t\tlet a = document.getElementById('d1');\n\t\tif(a.getAttribute(\"href\") == undefined){\n\t\t\tjQuery(\"#descargasModalError\").modal('toggle');\n\t\t}\n\t}\n\t\n\twindow.onload = function() {\n\t\tdocument.getElementById('d1').addEventListener(\"click\", verifyForm, false);\n\t\tdocument.getElementById('d2').addEventListener(\"click\", verifyForm, false);\n\t\tdocument.getElementById('d3').addEventListener(\"click\", verifyForm, false);\n                document.getElementById('d4').addEventListener(\"click\", verifyForm, false);\n                document.getElementById('d5').addEventListener(\"click\", verifyForm, false);\n                document.getElementById('d6').addEventListener(\"click\", verifyForm, false);\n\t};\n<\/script>\n<div class=\"wp-block-button\">\n\t<div class=\"form-group\">\n\t\t<input type=\"text\" class=\"form-control\" id=\"inputName\" aria-describedby=\"name\" placeholder=\"Nombre\" required=\"\">\n\t\t\n\t\t<input type=\"number\" class=\"form-control\" id=\"inputCP\" aria-describedby=\"cp\" placeholder=\"C\u00f3digo postal\" required=\"\" pattern=\"[0-9]{5}\">\n\n\t\t<input type=\"email\" class=\"form-control\" id=\"InputEmail1\" aria-describedby=\"exampleInputEmail1\" placeholder=\"Email\" required=\"\">\n\t\t<small id=\"emailHelp\" class=\"form-text text-muted\">Nunca compartiremos su correo electr\u00f3nico con nadie m\u00e1s.<\/small>\n\t\t\n\t\t<p>\n\t\t\t<input type=\"checkbox\" id=\"accept\" required>\n\t\t\t<span>He leido y acepto la <a href=\"\" data-target=\"#myModal\" data-toggle=\"modal\" class=\"politicaprivacidadtext\">pol\u00edtica de privacidad<\/a>.<\/span>\n\t\t<p>\n\t<\/div>\n\t<input type=\"hidden\" name=\"hweb\" id=\"hweb\" value=\"\">\n\t<button type=\"submit\" class=\"btn btn-cta\" onclick=\"getFormData()\">Enviar<\/button>\n<\/div>\n\n <!-- Modal Error-->\n  <div class=\"modal modalDescargas fade\" id=\"descargasModalError\" role=\"dialog\" aria-hidden=\"true\">\n    <div class=\"modal-dialog\">\n      <div class=\"modal-content\">\n        <div class=\"modal-header\">\n <h4 class=\"modal-title\" id=\"myModalLabel\">Error<\/h4>\n          <button type=\"button\" class=\"close btn btn-outline-dark\" data-bs-dismiss=\"modal\">\n            <span aria-hidden=\"true\">&times;<\/span>\n          <\/button>\n         \n        <\/div>\n        <div class=\"modal-body\">\n          <div class=\"row\" style=\"padding:15px\">\n            <p>Por favor, rellene el formulario para acceder a las descargas.<\/p>\n\t\t\t<p>Los campos; nombre, c\u00f3digo postal, correo electr\u00f3nico y la aceptaci\u00f3n de la pol\u00edtica de privacidad son obligatorios.<\/p>\n          <\/div>\n        <\/div>\n        <div class=\"modal-footer\">\n          <button type=\"button\" class=\"close btn btn-outline-dark\" data-bs-dismiss=\"modal\">Cerrar<\/button>\n        <\/div>\n      <\/div>\n    <\/div>\n  <\/div>\n\n\n <!-- Modal Correcto-->\n<div class=\"modal modalDescargas fade\" id=\"descargasModal\" role=\"dialog\" aria-hidden=\"true\">\n\t<div class=\"modal-dialog\">\n      <div class=\"modal-content\">\n        <div class=\"modal-header\">\n          <h4 class=\"modal-title\" id=\"myModalLabel\">Env\u00edo correcto<\/h4>\n          <button type=\"button\" class=\"close\" data-bs-dismiss=\"modal\">\n            <span aria-hidden=\"true\">&times;<\/span>          <\/button>\n        <\/div>\n        <div class=\"modal-body\">\n          <div class=\"row\" style=\"padding:15px\">\n            <p>Muchas gracias por completar el formulario, las descargas ya est\u00e1n disponibles.<\/p>\n          <\/div>\n        <\/div>\n        <div class=\"modal-footer\">\n          <button type=\"button\" class=\"close btn btn-default\" data-bs-dismiss=\"modal\">Cerrar<\/button>\n        <\/div>\n      <\/div>\n    <\/div>\n <\/div>\n\n\n\n<div id=\"presentaciones-indexari\" class=\"wp-block-group\"><div class=\"wp-block-group__inner-container is-layout-constrained wp-block-group-is-layout-constrained\">\n<h3 class=\"wp-block-heading\">Presentaciones Indexari<\/h3>\n\n\n\n<p>Aqu\u00ed pod\u00e9is descargaros las presentaciones de las charlas y el workshop que hemos hecho para la primera edici\u00f3n de Indexari.<\/p>\n\n\n\n<div class=\"wp-block-button\"><a id=\"d6\" class=\"disabled btn btn-cta\" target=\"_blank\" rel=\"noopener noreferrer\">Presentaciones<\/a><\/div>\n<\/div><\/div>\n\n\n\n<div id=\"documento-auditar\" class=\"wp-block-group\"><div class=\"wp-block-group__inner-container is-layout-constrained wp-block-group-is-layout-constrained\">\n<h3 class=\"wp-block-heading\">Documento para auditar web<\/h3>\n\n\n\n<p>Os dejamos una hoja de c\u00e1lculo para ayudaros a auditar vuestra web y encontrar los problemas m\u00e1s comunes.<\/p>\n\n\n\n<div class=\"wp-block-button\"><a id=\"d5\" class=\"disabled btn btn-cta\" target=\"_blank\" rel=\"noopener noreferrer\">Acceder a hoja de c\u00e1lculo<\/a><\/div>\n<\/div><\/div>\n\n\n\n<div id=\"libro-gratis-seo\" class=\"wp-block-group\"><div class=\"wp-block-group__inner-container is-layout-flow wp-block-group-is-layout-flow\">\n<h3 class=\"wp-block-heading\">Libro SEO gratis<\/h3>\n\n\n\n<p>Este libro est\u00e1 enfocado para personas que tienen curiosidad por el SEO, bien sea por necesidad profesional, bien sea por <em>hobby<\/em>. <strong>No es necesario tener conocimientos previos <\/strong>porque se parte desde cero, pero todos aquellos lectores que ya hayan emprendido su camino en el mundo del SEO, podr\u00e1n comprobar que en las siguientes l\u00edneas se confiesan algunos secretos que suelen ser guardados con recelo por los profesionales del sector.<\/p>\n\n\n\n<div class=\"wp-block-button\"><a id=\"d1\" class=\"disabled btn btn-cta\" target=\"_blank\" rel=\"noopener noreferrer\">Descargar libro SEO gratis<\/a><\/div>\n\n\n<\/div><\/div>\n\n\n\n<div id=\"redaccion-contenidos-seo\" class=\"wp-block-group\"><div class=\"wp-block-group__inner-container is-layout-flow wp-block-group-is-layout-flow\">\n<h3 class=\"wp-block-heading\">Manual de redacci\u00f3n de contenidos SEO<\/h3>\n\n\n\n<p>Este peque\u00f1o manual te dar\u00e1 las claves para comenzar a crear contenidos al gusto de Google. Te damos los tips b\u00e1sicos que todo creador de contenido deber\u00eda conocer.<\/p>\n\n\n\n<div class=\"wp-block-button\"><a id=\"d2\" class=\"disabled btn btn-cta\" target=\"_blank\" rel=\"noopener noreferrer\">Descargar Manual SEO gratis<\/a><\/div>\n<\/div><\/div>\n\n\n\n<div class=\"wp-block-columns is-layout-flex wp-container-core-columns-is-layout-9d6595d7 wp-block-columns-is-layout-flex\">\n<div class=\"wp-block-column is-layout-flow wp-block-column-is-layout-flow\" style=\"flex-basis:100%\">\n<h3 class=\"wp-block-heading\">La gu\u00eda definitiva del Lead Marketing<\/h3>\n\n\n\n<p>Esta <a href=\"https:\/\/carontestudio.com\/blog\/leads-marketing-que-es-un-lead-tipos-de-leads\/\">gu\u00eda del Lead Marketing<\/a>, de m\u00e1s de 30 p\u00e1ginas, te ayudar\u00e1 a comprender las diferentes estrategias de captaci\u00f3n de Leads que existen en el marketing online, as\u00ed como a aprender trucos y t\u00e9cnicas para mejorar la conversi\u00f3n y la captaci\u00f3n de leads en tu negocio. Recomendamos leerla despacio y con tiempo, ya que contiene mucha informaci\u00f3n.<\/p>\n\n\n\n<div class=\"wp-block-button\"><a id=\"d3\" class=\"disabled btn btn-cta\" target=\"_blank\" rel=\"noopener noreferrer\">Descargar Gu\u00eda Lead marketing gratis<\/a><\/div>\n\n\n\n<h3 class=\"wp-block-heading\">C\u00f3mo utilizar la inteligencia artificial para automatizar tareas [Gu\u00eda definitiva 2025]<\/h3>\n\n\n\n<p>Hemos preparado esta gu\u00eda sobre <a href=\"https:\/\/carontestudio.com\/blog\/automatizar-tareas-inteligencia-artificial-guia-definitiva-2024\/\">c\u00f3mo utilizar la inteligencia artifical para automatizar tareas<\/a>, actualizada a 2025, consta de m\u00e1s de 15 p\u00e1ginas, y re\u00fane toda la informaci\u00f3n que debes conocer para iniciarte en el mundo de la automatizaci\u00f3n con IA. Incluye trucos y herramientas, y <strong>se ir\u00e1 actualizando con el paso del tiempo<\/strong>, por lo que te aconsejamos volver por aqu\u00ed de vez en cuando para descargarla y tenerla siempre actualizada.<\/p>\n\n\n\n<div class=\"wp-block-button\"><a id=\"d4\" class=\"disabled btn btn-cta\" target=\"_blank\" rel=\"noopener noreferrer\">Descargar Gu\u00eda Automatizaci\u00f3n con IA gratis<\/a><\/div>\n<\/div>\n<\/div>\n","protected":false},"excerpt":{"rendered":"<p>Descargas SEO Por favor, para acceder a las descargas, introduce la siguiente informaci\u00f3n: Nunca compartiremos su correo electr\u00f3nico con nadie m\u00e1s. He leido y acepto la pol\u00edtica de privacidad. Enviar Error &times; Por favor, rellene el formulario para acceder a las descargas. Los campos; nombre, c\u00f3digo postal, correo electr\u00f3nico y la aceptaci\u00f3n de la pol\u00edtica [&hellip;]<\/p>\n","protected":false},"author":2,"featured_media":2221,"parent":0,"menu_order":0,"comment_status":"closed","ping_status":"closed","template":"","meta":{"_acf_changed":false,"footnotes":""},"class_list":["post-2217","page","type-page","status-publish","has-post-thumbnail","hentry"],"acf":[],"yoast_head":"<!-- This site is optimized with the Yoast SEO plugin v27.3 - https:\/\/yoast.com\/product\/yoast-seo-wordpress\/ -->\n<title>Descargar gratis tutoriales y utilidades para dise\u00f1o gr\u00e1fico y web<\/title>\n<meta name=\"description\" content=\"Aqu\u00ed podr\u00e1s descargar las utilidades que te facilitamos desde Caronte. Si est\u00e1s interesado en Dise\u00f1o web, gr\u00e1fico y SEO, no te las pierdas.\" \/>\n<meta name=\"robots\" content=\"index, follow, max-snippet:-1, max-image-preview:large, max-video-preview:-1\" \/>\n<link rel=\"canonical\" href=\"https:\/\/carontestudio.com\/blog\/descargas\/\" \/>\n<meta property=\"og:locale\" content=\"es_ES\" \/>\n<meta property=\"og:type\" content=\"article\" \/>\n<meta property=\"og:title\" content=\"Descargar gratis tutoriales y utilidades para dise\u00f1o gr\u00e1fico y web\" \/>\n<meta property=\"og:description\" content=\"Aqu\u00ed podr\u00e1s descargar las utilidades que te facilitamos desde Caronte. Si est\u00e1s interesado en Dise\u00f1o web, gr\u00e1fico y SEO, no te las pierdas.\" \/>\n<meta property=\"og:url\" content=\"https:\/\/carontestudio.com\/blog\/descargas\/\" \/>\n<meta property=\"og:site_name\" content=\"Blog de maketing | Caronte\" \/>\n<meta property=\"article:publisher\" content=\"https:\/\/www.facebook.com\/carontewebstudio\/\" \/>\n<meta property=\"article:modified_time\" content=\"2025-06-13T08:54:22+00:00\" \/>\n<meta property=\"og:image\" content=\"https:\/\/carontestudio.com\/blog\/wp-content\/uploads\/2020\/08\/descargas.png\" \/>\n\t<meta property=\"og:image:width\" content=\"1888\" \/>\n\t<meta property=\"og:image:height\" content=\"650\" \/>\n\t<meta property=\"og:image:type\" content=\"image\/png\" \/>\n<meta name=\"twitter:card\" content=\"summary_large_image\" \/>\n<meta name=\"twitter:label1\" content=\"Tiempo de lectura\" \/>\n\t<meta name=\"twitter:data1\" content=\"3 minutos\" \/>\n<script type=\"application\/ld+json\" class=\"yoast-schema-graph\">{\"@context\":\"https:\\\/\\\/schema.org\",\"@graph\":[{\"@type\":\"WebPage\",\"@id\":\"https:\\\/\\\/carontestudio.com\\\/blog\\\/descargas\\\/\",\"url\":\"https:\\\/\\\/carontestudio.com\\\/blog\\\/descargas\\\/\",\"name\":\"Descargar gratis tutoriales y utilidades para dise\u00f1o gr\u00e1fico y web\",\"isPartOf\":{\"@id\":\"https:\\\/\\\/carontestudio.com\\\/blog\\\/#website\"},\"primaryImageOfPage\":{\"@id\":\"https:\\\/\\\/carontestudio.com\\\/blog\\\/descargas\\\/#primaryimage\"},\"image\":{\"@id\":\"https:\\\/\\\/carontestudio.com\\\/blog\\\/descargas\\\/#primaryimage\"},\"thumbnailUrl\":\"https:\\\/\\\/carontestudio.com\\\/blog\\\/wp-content\\\/uploads\\\/2020\\\/08\\\/descargas.png\",\"datePublished\":\"2020-08-25T10:08:58+00:00\",\"dateModified\":\"2025-06-13T08:54:22+00:00\",\"description\":\"Aqu\u00ed podr\u00e1s descargar las utilidades que te facilitamos desde Caronte. Si est\u00e1s interesado en Dise\u00f1o web, gr\u00e1fico y SEO, no te las pierdas.\",\"breadcrumb\":{\"@id\":\"https:\\\/\\\/carontestudio.com\\\/blog\\\/descargas\\\/#breadcrumb\"},\"inLanguage\":\"es\",\"potentialAction\":[{\"@type\":\"ReadAction\",\"target\":[\"https:\\\/\\\/carontestudio.com\\\/blog\\\/descargas\\\/\"]}]},{\"@type\":\"ImageObject\",\"inLanguage\":\"es\",\"@id\":\"https:\\\/\\\/carontestudio.com\\\/blog\\\/descargas\\\/#primaryimage\",\"url\":\"https:\\\/\\\/carontestudio.com\\\/blog\\\/wp-content\\\/uploads\\\/2020\\\/08\\\/descargas.png\",\"contentUrl\":\"https:\\\/\\\/carontestudio.com\\\/blog\\\/wp-content\\\/uploads\\\/2020\\\/08\\\/descargas.png\",\"width\":1888,\"height\":650,\"caption\":\"Descargas Caronte Web Studio\"},{\"@type\":\"BreadcrumbList\",\"@id\":\"https:\\\/\\\/carontestudio.com\\\/blog\\\/descargas\\\/#breadcrumb\",\"itemListElement\":[{\"@type\":\"ListItem\",\"position\":1,\"name\":\"Portada\",\"item\":\"https:\\\/\\\/carontestudio.com\\\/blog\\\/\"},{\"@type\":\"ListItem\",\"position\":2,\"name\":\"Descargas\"}]},{\"@type\":\"WebSite\",\"@id\":\"https:\\\/\\\/carontestudio.com\\\/blog\\\/#website\",\"url\":\"https:\\\/\\\/carontestudio.com\\\/blog\\\/\",\"name\":\"Blog de marketing | Caronte\",\"description\":\"En nuestro blog encontrar\u00e1s art\u00edculos semanales sobre SEO, marketing online, programaci\u00f3n web y mucho m\u00e1s.\",\"publisher\":{\"@id\":\"https:\\\/\\\/carontestudio.com\\\/blog\\\/#organization\"},\"potentialAction\":[{\"@type\":\"SearchAction\",\"target\":{\"@type\":\"EntryPoint\",\"urlTemplate\":\"https:\\\/\\\/carontestudio.com\\\/blog\\\/?s={search_term_string}\"},\"query-input\":{\"@type\":\"PropertyValueSpecification\",\"valueRequired\":true,\"valueName\":\"search_term_string\"}}],\"inLanguage\":\"es\"},{\"@type\":\"Organization\",\"@id\":\"https:\\\/\\\/carontestudio.com\\\/blog\\\/#organization\",\"name\":\"Caronte - Agencia de marketing\",\"url\":\"https:\\\/\\\/carontestudio.com\\\/blog\\\/\",\"logo\":{\"@type\":\"ImageObject\",\"inLanguage\":\"es\",\"@id\":\"https:\\\/\\\/carontestudio.com\\\/blog\\\/#\\\/schema\\\/logo\\\/image\\\/\",\"url\":\"https:\\\/\\\/carontestudio.com\\\/blog\\\/wp-content\\\/uploads\\\/2025\\\/06\\\/caronte-agencia-de-marketing-logo.png\",\"contentUrl\":\"https:\\\/\\\/carontestudio.com\\\/blog\\\/wp-content\\\/uploads\\\/2025\\\/06\\\/caronte-agencia-de-marketing-logo.png\",\"width\":1090,\"height\":155,\"caption\":\"Caronte - Agencia de marketing\"},\"image\":{\"@id\":\"https:\\\/\\\/carontestudio.com\\\/blog\\\/#\\\/schema\\\/logo\\\/image\\\/\"},\"sameAs\":[\"https:\\\/\\\/www.facebook.com\\\/carontewebstudio\\\/\",\"https:\\\/\\\/www.instagram.com\\\/caronte_studio\\\/\",\"https:\\\/\\\/www.tiktok.com\\\/@carontewebstudio\",\"https:\\\/\\\/www.youtube.com\\\/@carontewebstudio\",\"https:\\\/\\\/es.linkedin.com\\\/company\\\/carontewebstudio\"]}]}<\/script>\n<!-- \/ Yoast SEO plugin. -->","yoast_head_json":{"title":"Descargar gratis tutoriales y utilidades para dise\u00f1o gr\u00e1fico y web","description":"Aqu\u00ed podr\u00e1s descargar las utilidades que te facilitamos desde Caronte. Si est\u00e1s interesado en Dise\u00f1o web, gr\u00e1fico y SEO, no te las pierdas.","robots":{"index":"index","follow":"follow","max-snippet":"max-snippet:-1","max-image-preview":"max-image-preview:large","max-video-preview":"max-video-preview:-1"},"canonical":"https:\/\/carontestudio.com\/blog\/descargas\/","og_locale":"es_ES","og_type":"article","og_title":"Descargar gratis tutoriales y utilidades para dise\u00f1o gr\u00e1fico y web","og_description":"Aqu\u00ed podr\u00e1s descargar las utilidades que te facilitamos desde Caronte. Si est\u00e1s interesado en Dise\u00f1o web, gr\u00e1fico y SEO, no te las pierdas.","og_url":"https:\/\/carontestudio.com\/blog\/descargas\/","og_site_name":"Blog de maketing | Caronte","article_publisher":"https:\/\/www.facebook.com\/carontewebstudio\/","article_modified_time":"2025-06-13T08:54:22+00:00","og_image":[{"width":1888,"height":650,"url":"https:\/\/carontestudio.com\/blog\/wp-content\/uploads\/2020\/08\/descargas.png","type":"image\/png"}],"twitter_card":"summary_large_image","twitter_misc":{"Tiempo de lectura":"3 minutos"},"schema":{"@context":"https:\/\/schema.org","@graph":[{"@type":"WebPage","@id":"https:\/\/carontestudio.com\/blog\/descargas\/","url":"https:\/\/carontestudio.com\/blog\/descargas\/","name":"Descargar gratis tutoriales y utilidades para dise\u00f1o gr\u00e1fico y web","isPartOf":{"@id":"https:\/\/carontestudio.com\/blog\/#website"},"primaryImageOfPage":{"@id":"https:\/\/carontestudio.com\/blog\/descargas\/#primaryimage"},"image":{"@id":"https:\/\/carontestudio.com\/blog\/descargas\/#primaryimage"},"thumbnailUrl":"https:\/\/carontestudio.com\/blog\/wp-content\/uploads\/2020\/08\/descargas.png","datePublished":"2020-08-25T10:08:58+00:00","dateModified":"2025-06-13T08:54:22+00:00","description":"Aqu\u00ed podr\u00e1s descargar las utilidades que te facilitamos desde Caronte. Si est\u00e1s interesado en Dise\u00f1o web, gr\u00e1fico y SEO, no te las pierdas.","breadcrumb":{"@id":"https:\/\/carontestudio.com\/blog\/descargas\/#breadcrumb"},"inLanguage":"es","potentialAction":[{"@type":"ReadAction","target":["https:\/\/carontestudio.com\/blog\/descargas\/"]}]},{"@type":"ImageObject","inLanguage":"es","@id":"https:\/\/carontestudio.com\/blog\/descargas\/#primaryimage","url":"https:\/\/carontestudio.com\/blog\/wp-content\/uploads\/2020\/08\/descargas.png","contentUrl":"https:\/\/carontestudio.com\/blog\/wp-content\/uploads\/2020\/08\/descargas.png","width":1888,"height":650,"caption":"Descargas Caronte Web Studio"},{"@type":"BreadcrumbList","@id":"https:\/\/carontestudio.com\/blog\/descargas\/#breadcrumb","itemListElement":[{"@type":"ListItem","position":1,"name":"Portada","item":"https:\/\/carontestudio.com\/blog\/"},{"@type":"ListItem","position":2,"name":"Descargas"}]},{"@type":"WebSite","@id":"https:\/\/carontestudio.com\/blog\/#website","url":"https:\/\/carontestudio.com\/blog\/","name":"Blog de marketing | Caronte","description":"En nuestro blog encontrar\u00e1s art\u00edculos semanales sobre SEO, marketing online, programaci\u00f3n web y mucho m\u00e1s.","publisher":{"@id":"https:\/\/carontestudio.com\/blog\/#organization"},"potentialAction":[{"@type":"SearchAction","target":{"@type":"EntryPoint","urlTemplate":"https:\/\/carontestudio.com\/blog\/?s={search_term_string}"},"query-input":{"@type":"PropertyValueSpecification","valueRequired":true,"valueName":"search_term_string"}}],"inLanguage":"es"},{"@type":"Organization","@id":"https:\/\/carontestudio.com\/blog\/#organization","name":"Caronte - Agencia de marketing","url":"https:\/\/carontestudio.com\/blog\/","logo":{"@type":"ImageObject","inLanguage":"es","@id":"https:\/\/carontestudio.com\/blog\/#\/schema\/logo\/image\/","url":"https:\/\/carontestudio.com\/blog\/wp-content\/uploads\/2025\/06\/caronte-agencia-de-marketing-logo.png","contentUrl":"https:\/\/carontestudio.com\/blog\/wp-content\/uploads\/2025\/06\/caronte-agencia-de-marketing-logo.png","width":1090,"height":155,"caption":"Caronte - Agencia de marketing"},"image":{"@id":"https:\/\/carontestudio.com\/blog\/#\/schema\/logo\/image\/"},"sameAs":["https:\/\/www.facebook.com\/carontewebstudio\/","https:\/\/www.instagram.com\/caronte_studio\/","https:\/\/www.tiktok.com\/@carontewebstudio","https:\/\/www.youtube.com\/@carontewebstudio","https:\/\/es.linkedin.com\/company\/carontewebstudio"]}]}},"_links":{"self":[{"href":"https:\/\/carontestudio.com\/blog\/wp-json\/wp\/v2\/pages\/2217","targetHints":{"allow":["GET"]}}],"collection":[{"href":"https:\/\/carontestudio.com\/blog\/wp-json\/wp\/v2\/pages"}],"about":[{"href":"https:\/\/carontestudio.com\/blog\/wp-json\/wp\/v2\/types\/page"}],"author":[{"embeddable":true,"href":"https:\/\/carontestudio.com\/blog\/wp-json\/wp\/v2\/users\/2"}],"replies":[{"embeddable":true,"href":"https:\/\/carontestudio.com\/blog\/wp-json\/wp\/v2\/comments?post=2217"}],"version-history":[{"count":114,"href":"https:\/\/carontestudio.com\/blog\/wp-json\/wp\/v2\/pages\/2217\/revisions"}],"predecessor-version":[{"id":23740,"href":"https:\/\/carontestudio.com\/blog\/wp-json\/wp\/v2\/pages\/2217\/revisions\/23740"}],"wp:featuredmedia":[{"embeddable":true,"href":"https:\/\/carontestudio.com\/blog\/wp-json\/wp\/v2\/media\/2221"}],"wp:attachment":[{"href":"https:\/\/carontestudio.com\/blog\/wp-json\/wp\/v2\/media?parent=2217"}],"curies":[{"name":"wp","href":"https:\/\/api.w.org\/{rel}","templated":true}]}}